

{"id":26,"date":"2014-11-04T11:54:20","date_gmt":"2014-11-04T09:54:20","guid":{"rendered":"http:\/\/pbcreims.kochab.uberspace.de\/wordpress\/?page_id=26"},"modified":"2016-09-25T18:11:02","modified_gmt":"2016-09-25T16:11:02","slug":"ueber-poolbillard","status":"publish","type":"page","link":"https:\/\/www.rote-l\u00f6wen.de\/wordpress\/ueber-poolbillard\/","title":{"rendered":"\u00dcber Poolbillard"},"content":{"rendered":"<p>Poolbillard ist eine bestimmte Variante des Billards.<\/p>\n<p>Generell ist Billard ein Sport der bis ins hohe Alter betrieben werden kann. Es beruht weniger auf einer k\u00f6rperlichen als einer mentalen Fitness.<\/p>\n<p>Albert Einstein sagte einmal \u00fcber Billard und das trifft es eigentlich sehr gut:<\/p>\n<p class=\"zitat\">\n\u201eBillard ist die Kunst des Vorausdenkens. Es ist nicht nur ein Spiel sondern in erster Linie eine anspruchsvolle Sportart, die neben physischer Kondition, das logische Denken eines Schachspielers und die ruhige Hand eines Konzertpianisten erfordert.\u201c\n<\/p>\n<p>Saarl\u00e4ndische Vereine sind im BVS, dem Billardverband Saar, organisiert und nehmen dort am Ligabetrieb teil. Gespielt wird in einem Mannschaftsmodus, wobei jede Mannschaft aus mindestens vier Mannschaftsmitgliedern besteht. <\/p>\n<p>Die Klassen erstrecken sich von der Kreis- bis zur Oberliga. Bei den Ligaspielen kommen die folgenden vier Disziplinen zur Anwendung:<\/p>\n<h3>8-Ball<\/h3>\n<p>8-Ball ist die vermutlich bekannteste Pooldisziplin in Deutschland. Auf dem Tischen liegen f\u00fcnfzehn Kugeln, die in drei Gruppen unterteilt sind:<\/p>\n<ul>\n<li>7 Volle (Nummer 1 bis 7)<\/li>\n<li>7 Halbe (Nummer 9 bis 15)<\/li>\n<li>1 Schwarze (Nummer 8)<\/li>\n<\/ul>\n<p>Ein Spieler spielt auf die Vollen, der andere auf die Halben. Hat man alle seine Kugeln versenkt, darf man auf die Acht spielen. Wer diese zuerst locht, hat gewonnen. Im Gegensatz zur landl\u00e4ufigen Meinung muss nach offiziellen Regeln die Acht nicht \u00fcber Bande gelocht werden. Daf\u00fcr muss f\u00fcr jeden Ball die Tasche, in die er fallen soll, angesagt werden.<br \/>\n<div id=\"attachment_579\" style=\"width: 310px\" class=\"wp-caption alignleft\"><a href=\"http:\/\/www.xn--rote-lwen-57a.de\/wordpress\/wp-content\/uploads\/2014\/11\/aufbau_acht_ball.jpg\"><img loading=\"lazy\" decoding=\"async\" aria-describedby=\"caption-attachment-579\" src=\"http:\/\/www.xn--rote-lwen-57a.de\/wordpress\/wp-content\/uploads\/2014\/11\/aufbau_acht_ball-300x199.jpg\" alt=\"Aufbau beim 8-Ball\" width=\"300\" height=\"199\" class=\"size-medium wp-image-579\" srcset=\"https:\/\/www.xn--rote-lwen-57a.de\/wordpress\/wp-content\/uploads\/2014\/11\/aufbau_acht_ball-300x199.jpg 300w, https:\/\/www.xn--rote-lwen-57a.de\/wordpress\/wp-content\/uploads\/2014\/11\/aufbau_acht_ball.jpg 1024w\" sizes=\"(max-width: 300px) 100vw, 300px\" \/><\/a><p id=\"caption-attachment-579\" class=\"wp-caption-text\">Aufbau beim 8-Ball<\/p><\/div><\/p>\n<h3>9-Ball<\/h3>\n<p>Die in Amerika sehr beliebte Variante des Pool-Spiels wird nur mit den Kugeln 1 bis 9 gespielt. Angespielt werden muss immer die niedrigste Kugel auf dem Tisch. Gewonnen hat, wer zuerst die 9 versenkt.<br \/>\n<div id=\"attachment_582\" style=\"width: 259px\" class=\"wp-caption alignleft\"><a href=\"http:\/\/www.xn--rote-lwen-57a.de\/wordpress\/wp-content\/uploads\/2014\/11\/aufbau_neun_ball.jpg\"><img loading=\"lazy\" decoding=\"async\" aria-describedby=\"caption-attachment-582\" src=\"http:\/\/www.xn--rote-lwen-57a.de\/wordpress\/wp-content\/uploads\/2014\/11\/aufbau_neun_ball-249x300.jpg\" alt=\"Aufbau im 9-Ball\" width=\"249\" height=\"300\" class=\"size-medium wp-image-582\" srcset=\"https:\/\/www.xn--rote-lwen-57a.de\/wordpress\/wp-content\/uploads\/2014\/11\/aufbau_neun_ball-249x300.jpg 249w, https:\/\/www.xn--rote-lwen-57a.de\/wordpress\/wp-content\/uploads\/2014\/11\/aufbau_neun_ball-849x1024.jpg 849w, https:\/\/www.xn--rote-lwen-57a.de\/wordpress\/wp-content\/uploads\/2014\/11\/aufbau_neun_ball.jpg 1024w\" sizes=\"(max-width: 249px) 100vw, 249px\" \/><\/a><p id=\"caption-attachment-582\" class=\"wp-caption-text\">Aufbau im 9-Ball<\/p><\/div><\/p>\n<h3>10-Ball<\/h3>\n<p>Es werden nur die Kugeln von 1 bis 10 verwendet. Wie beim 9-Ball muss immer die niedrigste, sich auf dem Tisch befindliche Kugel zuerst angespielt werden. Es gewinnt der Spieler, der die 10 als erstes regelkonform versenkt. 10 Ball ist ein Ansagespiel bei dem zuf\u00e4llig gelochte Kugeln nicht zum Weiterf\u00fchren des Spiel sondern zum Wechsel der Aufnahme f\u00fchren. Dieses Spiel wurde f\u00fcr die Saison 2009\/2010 in den Ligaspielmodus aufgenommen. Es mindert den teils verp\u00f6hnten Gl\u00fccksfaktor im 9 Ball, beh\u00e4lt aber dessen Spannung bei.<br \/>\n<div id=\"attachment_580\" style=\"width: 310px\" class=\"wp-caption alignleft\"><a href=\"http:\/\/www.xn--rote-lwen-57a.de\/wordpress\/wp-content\/uploads\/2014\/11\/aufbau_10_ball.jpg\"><img loading=\"lazy\" decoding=\"async\" aria-describedby=\"caption-attachment-580\" src=\"http:\/\/www.xn--rote-lwen-57a.de\/wordpress\/wp-content\/uploads\/2014\/11\/aufbau_10_ball-300x199.jpg\" alt=\"Aufbau im 10-Ball\" width=\"300\" height=\"199\" class=\"size-medium wp-image-580\" srcset=\"https:\/\/www.xn--rote-lwen-57a.de\/wordpress\/wp-content\/uploads\/2014\/11\/aufbau_10_ball-300x199.jpg 300w, https:\/\/www.xn--rote-lwen-57a.de\/wordpress\/wp-content\/uploads\/2014\/11\/aufbau_10_ball.jpg 1024w\" sizes=\"(max-width: 300px) 100vw, 300px\" \/><\/a><p id=\"caption-attachment-580\" class=\"wp-caption-text\">Aufbau im 10-Ball<\/p><\/div><\/p>\n<h3>14\/1 endlos<\/h3>\n<p>Im Amerikanischen hei\u00dft dieses Spiel auch &#8220;Straight Pool&#8221;. Man darf jede Kugel anspielen. F\u00fcr jeden gelochten Ball erh\u00e4lt man einen Punkt. Liegt nur noch eine Kugel auf dem Tisch, werden die anderen vierzehn wieder im Dreieck aufgebaut. Gewonnen hat, wer zuerst eine bestimmte Anzahl an Kugeln versenkt hat (z.B. 50, 70 oder 100). 14\/1 wird von manchen als das Spiel mit der gr\u00f6\u00dften mentalen Schwierigkeit angesehen. W\u00e4hrend hier ein Fehler das ganze Spiel kosten kann, kostet ein Fehler in den anderen Spielen in der Regel nur einen einzelnen Satz.<br \/>\n<div id=\"attachment_581\" style=\"width: 310px\" class=\"wp-caption alignleft\"><a href=\"http:\/\/www.xn--rote-lwen-57a.de\/wordpress\/wp-content\/uploads\/2014\/11\/aufbau_14_und_1.jpg\"><img loading=\"lazy\" decoding=\"async\" aria-describedby=\"caption-attachment-581\" src=\"http:\/\/www.xn--rote-lwen-57a.de\/wordpress\/wp-content\/uploads\/2014\/11\/aufbau_14_und_1-300x199.jpg\" alt=\"Aufbau im 14\/1e\" width=\"300\" height=\"199\" class=\"size-medium wp-image-581\" srcset=\"https:\/\/www.xn--rote-lwen-57a.de\/wordpress\/wp-content\/uploads\/2014\/11\/aufbau_14_und_1-300x199.jpg 300w, https:\/\/www.xn--rote-lwen-57a.de\/wordpress\/wp-content\/uploads\/2014\/11\/aufbau_14_und_1.jpg 1024w\" sizes=\"(max-width: 300px) 100vw, 300px\" \/><\/a><p id=\"caption-attachment-581\" class=\"wp-caption-text\">Aufbau im 14\/1e<\/p><\/div><\/p>\n","protected":false},"excerpt":{"rendered":"<p>Poolbillard ist eine bestimmte Variante des Billards. Generell ist Billard ein Sport der bis ins hohe Alter betrieben werden kann. Es beruht weniger auf einer k\u00f6rperlichen als einer mentalen Fitness. Albert Einstein sagte einmal \u00fcber Billard und das trifft es eigentlich sehr gut: \u201eBillard ist die Kunst des Vorausdenkens. Es ist nicht nur ein Spiel [&hellip;]<\/p>\n","protected":false},"author":1,"featured_media":0,"parent":0,"menu_order":0,"comment_status":"closed","ping_status":"open","template":"","meta":{"footnotes":""},"_links":{"self":[{"href":"https:\/\/www.rote-l\u00f6wen.de\/wordpress\/wp-json\/wp\/v2\/pages\/26"}],"collection":[{"href":"https:\/\/www.rote-l\u00f6wen.de\/wordpress\/wp-json\/wp\/v2\/pages"}],"about":[{"href":"https:\/\/www.rote-l\u00f6wen.de\/wordpress\/wp-json\/wp\/v2\/types\/page"}],"author":[{"embeddable":true,"href":"https:\/\/www.rote-l\u00f6wen.de\/wordpress\/wp-json\/wp\/v2\/users\/1"}],"replies":[{"embeddable":true,"href":"https:\/\/www.rote-l\u00f6wen.de\/wordpress\/wp-json\/wp\/v2\/comments?post=26"}],"version-history":[{"count":13,"href":"https:\/\/www.rote-l\u00f6wen.de\/wordpress\/wp-json\/wp\/v2\/pages\/26\/revisions"}],"predecessor-version":[{"id":583,"href":"https:\/\/www.rote-l\u00f6wen.de\/wordpress\/wp-json\/wp\/v2\/pages\/26\/revisions\/583"}],"wp:attachment":[{"href":"https:\/\/www.rote-l\u00f6wen.de\/wordpress\/wp-json\/wp\/v2\/media?parent=26"}],"curies":[{"name":"wp","href":"https:\/\/api.w.org\/{rel}","templated":true}]}}