

{"id":425,"date":"2016-06-03T09:32:21","date_gmt":"2016-06-03T07:32:21","guid":{"rendered":"http:\/\/www.rote-l\u00f6wen.de\/wordpress\/?page_id=425"},"modified":"2018-01-23T13:26:28","modified_gmt":"2018-01-23T11:26:28","slug":"uebungen-und-literatur","status":"publish","type":"page","link":"https:\/\/www.rote-l\u00f6wen.de\/wordpress\/uebungen-und-literatur\/","title":{"rendered":"\u00dcbungen und Literatur"},"content":{"rendered":"<p>Hier eine Sammlung von Links auf Seiten mit Trainingsunterlagen und Literaturempfehlungen zum Thema Billard. Diese Seite befindet sich noch im Aufbau und wird nach und nach erg\u00e4nzt werden. <\/p>\n<div class=\"alert alert-warning\" role=\"alert\">\nBitte beachten Sie, dass diese Links auf Seiten au\u00dferhalb unseres Webauftrittes zeigen. Der Inhalt dieser Seiten kann sich \u00e4ndern. F\u00fcr den Inhalt dieser fremden Seiten sind wir nicht verantwortlich. Sollte der Inhalt nicht mehr vorhanden oder gar unangemessen sein, bitten wir um eine kurze Nachricht \u00fcber unser <a href=\"https:\/\/www.rote-l\u00f6wen.de\/wordpress\/kontaktformular\/\">Kontaktformular<\/a>, um den Link entfernen zu k\u00f6nnen.\n<\/div>\n<h3>Lehrb\u00fccher<\/h3>\n<ul>\n<li>\n<a href=\"http:\/\/www.peterskosmos.de\/\">Peters Kosmos<\/a> (Dort findet man ein Lehrbuch f\u00fcr Anf\u00e4nger)<\/li>\n<\/ul>\n<h3>\u00dcbungen<\/h3>\n<ul>\n<li>\n<a href=\"http:\/\/www.billardtraining.net\/uebungen.html\">www.billardtraining.net<\/a> (Nach Spielfertigkeit, z.B. Position, kategorisiert)<\/li>\n<li>\n<a href=\"http:\/\/billiarduniversity.org\/exams.html\">billiarduniversity.org\/exams.html<\/a> (Zur Leistungskontrolle, im Gegensatz zu PAT frei verf\u00fcgbar)<\/li>\n<\/ul>\n<h3>Apps<\/h3>\n<ul>\n<li>\n<a href=\"http:\/\/www.checkbilliard.com\/de\/\">www.CheckBilliard.com<\/a> (Personalisierte \u00dcbungen, Lehrvideos von Profis, Stand Juni 2016: f\u00fcr erweiterten Inhalt ist ein monatliches Abo notwendig)<\/li>\n<\/ul>\n<h3>Blogs<\/h3>\n<ul>\n<li>\n<a href=\"http:\/\/www.playing-pool.com\">www.playing-pool.com<\/a> (von Patrick Baumann mit Artikeln und Videos, wie man besser Billard spielt)<\/li>\n<\/ul>\n","protected":false},"excerpt":{"rendered":"<p>Hier eine Sammlung von Links auf Seiten mit Trainingsunterlagen und Literaturempfehlungen zum Thema Billard. Diese Seite befindet sich noch im Aufbau und wird nach und nach erg\u00e4nzt werden. Bitte beachten Sie, dass diese Links auf Seiten au\u00dferhalb unseres Webauftrittes zeigen. Der Inhalt dieser Seiten kann sich \u00e4ndern. F\u00fcr den Inhalt dieser fremden Seiten sind wir [&hellip;]<\/p>\n","protected":false},"author":1,"featured_media":0,"parent":0,"menu_order":0,"comment_status":"closed","ping_status":"closed","template":"","meta":{"footnotes":""},"_links":{"self":[{"href":"https:\/\/www.rote-l\u00f6wen.de\/wordpress\/wp-json\/wp\/v2\/pages\/425"}],"collection":[{"href":"https:\/\/www.rote-l\u00f6wen.de\/wordpress\/wp-json\/wp\/v2\/pages"}],"about":[{"href":"https:\/\/www.rote-l\u00f6wen.de\/wordpress\/wp-json\/wp\/v2\/types\/page"}],"author":[{"embeddable":true,"href":"https:\/\/www.rote-l\u00f6wen.de\/wordpress\/wp-json\/wp\/v2\/users\/1"}],"replies":[{"embeddable":true,"href":"https:\/\/www.rote-l\u00f6wen.de\/wordpress\/wp-json\/wp\/v2\/comments?post=425"}],"version-history":[{"count":6,"href":"https:\/\/www.rote-l\u00f6wen.de\/wordpress\/wp-json\/wp\/v2\/pages\/425\/revisions"}],"predecessor-version":[{"id":804,"href":"https:\/\/www.rote-l\u00f6wen.de\/wordpress\/wp-json\/wp\/v2\/pages\/425\/revisions\/804"}],"wp:attachment":[{"href":"https:\/\/www.rote-l\u00f6wen.de\/wordpress\/wp-json\/wp\/v2\/media?parent=425"}],"curies":[{"name":"wp","href":"https:\/\/api.w.org\/{rel}","templated":true}]}}