

{"id":55,"date":"2014-11-05T09:53:39","date_gmt":"2014-11-05T07:53:39","guid":{"rendered":"http:\/\/pbcreims.kochab.uberspace.de\/wordpress\/?page_id=55"},"modified":"2023-06-04T12:24:05","modified_gmt":"2023-06-04T10:24:05","slug":"wissenswertes","status":"publish","type":"page","link":"https:\/\/www.rote-l\u00f6wen.de\/wordpress\/ueber-poolbillard\/wissenswertes\/","title":{"rendered":"Wissenswertes"},"content":{"rendered":"<h3>Was du \u00fcber Poolbillard vielleicht noch nicht wusstest<\/h3>\n<p>Billard ist nicht nur ein interessanter Zeitvertreib. Viele Leute sind von den folgenden Fakten \u00fcberrascht.<\/p>\n<h4>Deutschland ist sehr erfolgreich im Poolbillard<\/h4>\n<p>Dennoch wird viel mehr Snooker als Poolbillard im Fernsehen gezeigt. Im Poolbillard haben wir mit Thorsten Hohmann, Ralf Souquet und Oliver Ortmann drei noch aktiv spielende Weltmeister, die hier kaum jemand kennt. \u00c4hnlich d\u00fcrfte es dem Tricksto\u00dfweltmeister Ralph Eckert ergehen.<\/p>\n<p>Mit Sebastian Staab haben wir sogar einen erfolgreich spielenden Saarl\u00e4nder, der schon mehrere Deutsche Meisterschaftstitel und ein Team-WM-Ticket erringen konnte.<\/p>\n<p>In anderen L\u00e4ndern (z,B. Auf den Philippinen) sind Ralf Souquet und Co. vielleicht nicht gerade so ber\u00fchmt wie unsere Fu\u00dfballnationalmannschaft, aber in etwa so bekannt wie der Tischtennisstar Timo Boll.<\/p>\n<hr \/>\n<h4>Fr\u00fcher waren die Kugeln aus Elfenbein<\/h4>\n<p>Im Billardsport begann der professionelle Einsatz von Kunststoffen. Elfenbein hat nicht nur ethische Bedenken sondern ist aufgrund seiner nat\u00fcrlichen Herkunft zu ungleichm\u00e4\u00dfig f\u00fcr einen Pr\u00e4zisionssport.<\/p>\n<hr \/>\n<h4>Ein Billardtisch muss nicht unbedingt L\u00f6cher haben<\/h4>\n<p>Billard ist ein weiter Begriff. Es gibt Snooker, Poolbillard und Karambol (tats\u00e4chlich ohne L\u00f6cher). Und jede Sparte hat noch einmal ihre ganz eigenen Disziplinen.<\/p>\n<p>Im Poolbillard gibt es offiziell neben 8er Ball (kennt man aus der Kneipe) auch noch 9er Ball, 10er Ball und 14\/1 Endlos.<\/p>\n<hr \/>\n<h4>Billard ist kein Kneipensport<\/h4>\n<p>Tats\u00e4chlich gibt es im Gegensatz zu fr\u00fcher kaum noch Vereine, die in einer Kneipe spielen. Die meisten Vereine spielen in eigenen oder angemieteten Vereinsheimen.<\/p>\n<p>Das hei\u00dft nat\u00fcrlich nicht, dass man im Training verdursten muss.<\/p>\n<hr \/>\n<h4>Billard ist Sport<\/h4>\n<p>Um richtig gut Billard spielen zu k\u00f6nnen, braucht man k\u00f6rperliche Kondition. Sie werden im Fernsehen nur wenige korpulente Snookerspieler sehen.<\/p>\n<p>Rekordspieler Ronnie O&#8217;Sullivan gilt nicht umsonst als einer der fittesten Spieler auf der Main Tour.<\/p>\n","protected":false},"excerpt":{"rendered":"<p>Was du \u00fcber Poolbillard vielleicht noch nicht wusstest Billard ist nicht nur ein interessanter Zeitvertreib. Viele Leute sind von den folgenden Fakten \u00fcberrascht. Deutschland ist sehr erfolgreich im Poolbillard Dennoch wird viel mehr Snooker als Poolbillard im Fernsehen gezeigt. Im Poolbillard haben wir mit Thorsten Hohmann, Ralf Souquet und Oliver Ortmann drei noch aktiv spielende [&hellip;]<\/p>\n","protected":false},"author":1,"featured_media":0,"parent":26,"menu_order":0,"comment_status":"closed","ping_status":"open","template":"","meta":{"footnotes":""},"_links":{"self":[{"href":"https:\/\/www.rote-l\u00f6wen.de\/wordpress\/wp-json\/wp\/v2\/pages\/55"}],"collection":[{"href":"https:\/\/www.rote-l\u00f6wen.de\/wordpress\/wp-json\/wp\/v2\/pages"}],"about":[{"href":"https:\/\/www.rote-l\u00f6wen.de\/wordpress\/wp-json\/wp\/v2\/types\/page"}],"author":[{"embeddable":true,"href":"https:\/\/www.rote-l\u00f6wen.de\/wordpress\/wp-json\/wp\/v2\/users\/1"}],"replies":[{"embeddable":true,"href":"https:\/\/www.rote-l\u00f6wen.de\/wordpress\/wp-json\/wp\/v2\/comments?post=55"}],"version-history":[{"count":5,"href":"https:\/\/www.rote-l\u00f6wen.de\/wordpress\/wp-json\/wp\/v2\/pages\/55\/revisions"}],"predecessor-version":[{"id":1167,"href":"https:\/\/www.rote-l\u00f6wen.de\/wordpress\/wp-json\/wp\/v2\/pages\/55\/revisions\/1167"}],"up":[{"embeddable":true,"href":"https:\/\/www.rote-l\u00f6wen.de\/wordpress\/wp-json\/wp\/v2\/pages\/26"}],"wp:attachment":[{"href":"https:\/\/www.rote-l\u00f6wen.de\/wordpress\/wp-json\/wp\/v2\/media?parent=55"}],"curies":[{"name":"wp","href":"https:\/\/api.w.org\/{rel}","templated":true}]}}