

{"id":943,"date":"2022-02-19T17:28:39","date_gmt":"2022-02-19T15:28:39","guid":{"rendered":"https:\/\/www.rote-l\u00f6wen.de\/wordpress\/?page_id=943"},"modified":"2025-08-24T15:40:56","modified_gmt":"2025-08-24T13:40:56","slug":"firmenturnier","status":"publish","type":"page","link":"https:\/\/www.rote-l\u00f6wen.de\/wordpress\/firmenturnier\/","title":{"rendered":"Spa\u00dfturnier"},"content":{"rendered":"\n<figure class=\"wp-block-image size-large\"><a href=\"https:\/\/www.xn--rote-lwen-57a.de\/wordpress\/wp-content\/uploads\/2025\/06\/Plakat-fuer-Firmencup-A3.jpg\"><img loading=\"lazy\" decoding=\"async\" width=\"1024\" height=\"724\" src=\"https:\/\/www.xn--rote-lwen-57a.de\/wordpress\/wp-content\/uploads\/2025\/06\/Plakat-fuer-Firmencup-A3-1024x724.jpg\" alt=\"Plakat\" class=\"wp-image-1393\" srcset=\"https:\/\/www.xn--rote-lwen-57a.de\/wordpress\/wp-content\/uploads\/2025\/06\/Plakat-fuer-Firmencup-A3-1024x724.jpg 1024w, https:\/\/www.xn--rote-lwen-57a.de\/wordpress\/wp-content\/uploads\/2025\/06\/Plakat-fuer-Firmencup-A3-300x212.jpg 300w, https:\/\/www.xn--rote-lwen-57a.de\/wordpress\/wp-content\/uploads\/2025\/06\/Plakat-fuer-Firmencup-A3-768x543.jpg 768w, https:\/\/www.xn--rote-lwen-57a.de\/wordpress\/wp-content\/uploads\/2025\/06\/Plakat-fuer-Firmencup-A3-1536x1086.jpg 1536w, https:\/\/www.xn--rote-lwen-57a.de\/wordpress\/wp-content\/uploads\/2025\/06\/Plakat-fuer-Firmencup-A3.jpg 1984w\" sizes=\"(max-width: 1024px) 100vw, 1024px\" \/><\/a><\/figure>\n\n\n\n<p>Wir richten am <strong>Samstag, den 30. August 2025, ab 14 Uhr<\/strong> zum vierten Mal ein Spa\u00dfturnier f\u00fcr Firmen, Vereine und Privatmannschaften aus. Wir freuen uns auch dieses Jahr als Schirmherr den B\u00fcrgermeister der Gemeinde Beckingen, Thomas Collmann, begr\u00fc\u00dfen zu d\u00fcrfen. Mindestens drei Spieler \/ Spielerinnen bilden eine Mannschaft. Bei dem Turnier soll der Spa\u00df im Vordergrund stehen. Deshalb darf nicht mehr als ein Spieler am aktiven Ligabetrieb teilnehmen. Wir stellen den Teilnehmern bei Bedarf Billardqueues zur Verf\u00fcgung. Die Gewinner werden auf einem Wanderpokal ausgezeichnet. Wir planen au\u00dferdem die Vergabe von Sachpreisen und sind hier auf der Suche nach Werbepartnern und Sponsoren.<\/p>\n\n\n\n<p>Firmenmannschaften d\u00fcrfen nach Absprache Werbung auf dem Turnier zeigen.<\/p>\n\n\n\n<p>Hier eine \u00dcbersicht \u00fcber die restliche Seite:<\/p>\n\n\n\n<ul>\n<li><a href=\"#anmeldung\">Anmeldung<\/a><\/li>\n\n\n\n<li><a href=\"#turniermodus\">Turniermodus<\/a><\/li>\n\n\n\n<li><a href=\"#nineball\">9-Ball Spielregeln<\/a><\/li>\n\n\n\n<li><a href=\"#meldeliste\">Meldeliste<\/a><\/li>\n\n\n\n<li><a href=\"#faq\">H\u00e4ufige Fragen (FAQ)<\/a><\/li>\n<\/ul>\n\n\n\n<p>Bilder aus dem letzten Jahr findest du in unserer <a href=\"https:\/\/www.rote-l\u00f6wen.de\/wordpress\/firmenturnier-2023\/\" data-type=\"page\" data-id=\"1068\">Bildergalerie<\/a>.<\/p>\n\n\n\n<h3 class=\"wp-block-heading\" id=\"anmeldung\">Anmeldung<\/h3>\n\n\n<div class=\"wpforms-container wpforms-container-full\" id=\"wpforms-975\"><form id=\"wpforms-form-975\" class=\"wpforms-validate wpforms-form wpforms-ajax-form\" data-formid=\"975\" method=\"post\" enctype=\"multipart\/form-data\" action=\"\/wordpress\/wp-json\/wp\/v2\/pages\/943\" data-token=\"59fe4330fd121c4110206dcd53931694\" data-token-time=\"1776952726\"><noscript class=\"wpforms-error-noscript\">Bitte aktiviere JavaScript in deinem Browser, um dieses Formular fertigzustellen.<\/noscript><div class=\"wpforms-field-container\"><div id=\"wpforms-975-field_1-container\" class=\"wpforms-field wpforms-field-name\" data-field-id=\"1\"><label class=\"wpforms-field-label\">Name <span class=\"wpforms-required-label\">*<\/span><\/label><div class=\"wpforms-field-row wpforms-field-medium\"><div class=\"wpforms-field-row-block wpforms-first wpforms-one-half\"><input type=\"text\" id=\"wpforms-975-field_1\" class=\"wpforms-field-name-first wpforms-field-required\" name=\"wpforms[fields][1][first]\" required><label for=\"wpforms-975-field_1\" class=\"wpforms-field-sublabel after\">Vorname<\/label><\/div><div class=\"wpforms-field-row-block wpforms-one-half\"><input type=\"text\" id=\"wpforms-975-field_1-last\" class=\"wpforms-field-name-last wpforms-field-required\" name=\"wpforms[fields][1][last]\" required><label for=\"wpforms-975-field_1-last\" class=\"wpforms-field-sublabel after\">Nachname<\/label><\/div><\/div><\/div><div id=\"wpforms-975-field_2-container\" class=\"wpforms-field wpforms-field-email\" data-field-id=\"2\"><label class=\"wpforms-field-label\" for=\"wpforms-975-field_2\">E-Mail <span class=\"wpforms-required-label\">*<\/span><\/label><input type=\"email\" id=\"wpforms-975-field_2\" class=\"wpforms-field-medium wpforms-field-required\" name=\"wpforms[fields][2]\" spellcheck=\"false\" required><\/div><div id=\"wpforms-975-field_4-container\" class=\"wpforms-field wpforms-field-text\" data-field-id=\"4\"><label class=\"wpforms-field-label\" for=\"wpforms-975-field_4\">Telefonnummer <span class=\"wpforms-required-label\">*<\/span><\/label><input type=\"text\" id=\"wpforms-975-field_4\" class=\"wpforms-field-medium wpforms-field-required\" name=\"wpforms[fields][4]\" required><\/div><div id=\"wpforms-975-field_5-container\" class=\"wpforms-field wpforms-field-text\" data-field-id=\"5\"><label class=\"wpforms-field-label\" for=\"wpforms-975-field_5\">Firma \/ Verein \/ Mannschaftsname <span class=\"wpforms-required-label\">*<\/span><\/label><input type=\"text\" id=\"wpforms-975-field_5\" class=\"wpforms-field-medium wpforms-field-required\" name=\"wpforms[fields][5]\" required><\/div><div id=\"wpforms-975-field_6-container\" class=\"wpforms-field wpforms-field-number\" data-field-id=\"6\"><label class=\"wpforms-field-label\" for=\"wpforms-975-field_6\">Anzahl Mannschaften <span class=\"wpforms-required-label\">*<\/span><\/label><input type=\"number\" id=\"wpforms-975-field_6\" class=\"wpforms-field-medium wpforms-field-required\" name=\"wpforms[fields][6]\" value=\"1\" required><\/div><div id=\"wpforms-975-field_8-container\" class=\"wpforms-field wpforms-field-text\" data-field-id=\"8\"><label class=\"wpforms-field-label\" for=\"wpforms-975-field_8\">Anmeldung empfohlen von<\/label><input type=\"text\" id=\"wpforms-975-field_8\" class=\"wpforms-field-medium\" name=\"wpforms[fields][8]\" ><div class=\"wpforms-field-description\">Falls dich ein Vereinsmitglied zur Anmeldung motiviert hat, trage bitte seinen oder ihren Namen ein<\/div><\/div><div id=\"wpforms-975-field_7-container\" class=\"wpforms-field wpforms-field-textarea\" data-field-id=\"7\"><label class=\"wpforms-field-label\" for=\"wpforms-975-field_7\">Bemerkung \/ Kommentar<\/label><textarea id=\"wpforms-975-field_7\" class=\"wpforms-field-medium\" name=\"wpforms[fields][7]\" ><\/textarea><\/div><div id=\"wpforms-975-field_3-container\" class=\"wpforms-field wpforms-field-gdpr-checkbox\" data-field-id=\"3\"><label class=\"wpforms-field-label\">DSGVO-Einverst\u00e4ndnis <span class=\"wpforms-required-label\">*<\/span><\/label><ul id=\"wpforms-975-field_3\" class=\"wpforms-field-required\"><li class=\"choice-1\"><input type=\"checkbox\" id=\"wpforms-975-field_3_1\" name=\"wpforms[fields][3][]\" value=\"Ich willige ein, dass diese Website meine \u00fcbermittelten Informationen speichert, sodass meine Anfrage beantwortet werden kann.\" required ><label class=\"wpforms-field-label-inline\" for=\"wpforms-975-field_3_1\">Ich willige ein, dass diese Website meine \u00fcbermittelten Informationen speichert, sodass meine Anfrage beantwortet werden kann.<\/label><\/li><\/ul><\/div><\/div><!-- .wpforms-field-container --><div class=\"wpforms-submit-container\" ><input type=\"hidden\" name=\"wpforms[id]\" value=\"975\"><input type=\"hidden\" name=\"page_title\" value=\"\"><input type=\"hidden\" name=\"page_url\" value=\"https:\/\/www.rote-l\u00f6wen.de\/wordpress\/wp-json\/wp\/v2\/pages\/943\"><button type=\"submit\" name=\"wpforms[submit]\" id=\"wpforms-submit-975\" class=\"wpforms-submit\" data-alt-text=\"Senden\u2026\" data-submit-text=\"Absenden\" aria-live=\"assertive\" value=\"wpforms-submit\">Absenden<\/button><img loading=\"lazy\" decoding=\"async\" src=\"https:\/\/www.xn--rote-lwen-57a.de\/wordpress\/wp-content\/plugins\/wpforms-lite\/assets\/images\/submit-spin.svg\" class=\"wpforms-submit-spinner\" style=\"display: none;\" width=\"26\" height=\"26\" alt=\"Wird geladen\"><\/div><\/form><\/div>  <!-- .wpforms-container -->\n\n\n\n<p>Das Startgeld von 10\u20ac pro Mannschaft bitte bis zum <strong>Meldeschluss am 23. August<\/strong> mit dem Verwendungszweck &#8220;Startgeld PBC Reimsbach Mannschaftsname&#8221; auf folgendes Konto \u00fcberweisen:<\/p>\n\n\n\n<p><strong>Vereinigte Volksbank eG<\/strong><br><strong>IBAN DE61 5909 2000 2196 3400 01<\/strong><br><strong>BIC GENODE51SB2<\/strong><\/p>\n\n\n\n<p><strong>Mannschaften mit Damen oder Jugendlichen zahlen nur 8\u20ac.<\/strong><\/p>\n\n\n\n<h3 class=\"wp-block-heading\" id=\"turniermodus\">Turniermodus<\/h3>\n\n\n\n<p>Bei der Begegnung zweier Mannschaften werden maximal drei Partien 9-Ball (siehe unten) gespielt:<\/p>\n\n\n\n<p>In der ersten Partie wird im Modus 3 vs 3 gespielt, das hei\u00dft die Spieler einer Mannschaft \u00fcben im Wechsel immer einen Sto\u00df aus.  <\/p>\n\n\n\n<p>In der zweiten Partie wird im Modus 2 vs 2 (Doppel) gespielt.<\/p>\n\n\n\n<p>Steht es nach dem Doppel 1:1, wird die Begegnung der beiden Mannschaften zwischen den zwei Einzelspielern entschieden, die im Doppel ausgesetzt haben. Das Einzel darf <strong>nicht<\/strong> durch einen aktiven Billardspieler bestritten werden.<\/p>\n\n\n\n<p>Bei diesem Modus steht also der gemeinsame Spa\u00df in der Mannschaft im Mittelpunkt!<\/p>\n\n\n\n<h3 class=\"wp-block-heading\" id=\"nineball\">9-Ball Spielregeln<\/h3>\n\n\n\n<p>9-Ball ist ein popul\u00e4res Spiel, das auch auf vielen Profiturnieren zu finden ist. In dem ber\u00fchmten Film &#8220;Die Farbe des Geldes&#8221; spielen Paul Newman und Tom Cruise 9-Ball. <\/p>\n\n\n\n<p>Beim 9-Ball werden die Kugeln 1-9 in einer Raute aufgebaut. Die 1 liegt vorne und die 9 in der Mitte:<\/p>\n\n\n\n<figure class=\"wp-block-image\"><img loading=\"lazy\" decoding=\"async\" width=\"249\" height=\"300\" src=\"https:\/\/www.xn--rote-lwen-57a.de\/wordpress\/wp-content\/uploads\/2014\/11\/aufbau_neun_ball-249x300.jpg\" alt=\"\" class=\"wp-image-582\" srcset=\"https:\/\/www.xn--rote-lwen-57a.de\/wordpress\/wp-content\/uploads\/2014\/11\/aufbau_neun_ball-249x300.jpg 249w, https:\/\/www.xn--rote-lwen-57a.de\/wordpress\/wp-content\/uploads\/2014\/11\/aufbau_neun_ball-849x1024.jpg 849w, https:\/\/www.xn--rote-lwen-57a.de\/wordpress\/wp-content\/uploads\/2014\/11\/aufbau_neun_ball.jpg 1024w\" sizes=\"(max-width: 249px) 100vw, 249px\" \/><figcaption class=\"wp-element-caption\">Aufbau im 9-Ball<\/figcaption><\/figure>\n\n\n\n<p>Bei einem Sto\u00df muss immer die Kugel auf dem Tisch mit der niedrigsten Nummer zuerst von der Wei\u00dfen getroffen werden. Solange bei einem Sto\u00df irgendeine Kugel f\u00e4llt, darf weitergespielt werden. Wer zuerst die 9 versenkt, hat das Spiel gewonnen. <\/p>\n\n\n\n<p>Beispiel: Die niedrigste Kugel auf dem Tisch ist die 2. Ein Spieler trifft mit der Wei\u00dfen zuerst die 2 und bei dem Sto\u00df f\u00e4llt die 9. Das Spiel ist damit gewonnen. Weil eine Kugel \u00fcber Sieg oder Niederlage entscheidet, kann eine Partie 9-Ball somit auch bei gr\u00f6\u00dferen Unterschieden im Spielniveau gewonnen werden.<\/p>\n\n\n\n<p>F\u00e4llt bei einem Sto\u00df die Wei\u00dfe Kugel oder wird nicht zuerst die Kugel mit der niedrigsten Zahl angespielt, ist das ein Foul. Die gegnerische Mannschaft bzw. der gegnerische Spieler darf die Wei\u00dfe dann an einen beliebigen Punkt auf dem Tisch legen und von dort weiterspielen. Werden Kugeln aus Versehen mit dem K\u00f6rper oder mit dem Queue ber\u00fchrt, so ist das ebenfalls ein Foul. <\/p>\n\n\n\n<p>Billardspieler werden die Regeln &#8220;Nach der Karambolage keine Bande&#8221; und die &#8220;3-Foul-Regel&#8221; vermissen. Der Einfachheit halber verzichten wir auf diese Regeln. <\/p>\n\n\n\n<h3 class=\"wp-block-heading\">Turniervorbereitung<\/h3>\n\n\n\n<p>Allen angemeldeten Mannschaften bieten wir nach Absprache die M\u00f6glichkeit sich zu unseren Trainingszeiten f\u00fcr das Turnier einzuspielen, sowie das Spiellokal und unseren Verein kennenzulernen.<\/p>\n\n\n\n<h3 class=\"wp-block-heading\" id=\"meldeliste\">Meldeliste<\/h3>\n\n\n\n<p>Stand 24.08.2025:<\/p>\n\n\n\n<ul>\n<li>Schuler &amp; Horsch<\/li>\n\n\n\n<li>Parkhotel 1<\/li>\n\n\n\n<li>Parkhotel 2<\/li>\n\n\n\n<li>Parkhotel 3<\/li>\n\n\n\n<li>Triple D<\/li>\n\n\n\n<li>[Noch ohne Namen]<\/li>\n\n\n\n<li>[Noch ohne Namen]<\/li>\n\n\n\n<li>I-System<\/li>\n\n\n\n<li>Teamwork<\/li>\n<\/ul>\n\n\n\n<h3 class=\"wp-block-heading\" id=\"faq\">FAQ &#8211; H\u00e4ufige Fragen<\/h3>\n\n\n\n<p>Hier eine Liste der h\u00e4ufig gestellten Fragen zu unserem Turnier:<\/p>\n\n\n\n<h4 class=\"wp-block-heading\">Ich kann aufgrund meiner Arbeit nicht p\u00fcnktlich da sein. Kann ich trotzdem mitspielen?<\/h4>\n\n\n\n<p>Nicht jeder hat samstags frei. Solltest du aufgrund deiner Arbeit erst etwas sp\u00e4ter mitspielen k\u00f6nnen, dann kontaktiere uns oder schreibe deine Versp\u00e4tung in das Kommentarfeld des Anmeldeformulars. Im Normalfall finden wir immer eine funktionierende L\u00f6sung, ohne dass die anderen Mannschaften auf dich warten m\u00fcssen.  <\/p>\n\n\n\n<h4 class=\"wp-block-heading\">Ich habe noch Fragen. Wie erreiche ich euch?<\/h4>\n\n\n\n<p>Du erreichst uns beispielsweise \u00fcber unser <a href=\"https:\/\/www.rote-l\u00f6wen.de\/wordpress\/kontaktformular\/\" data-type=\"page\" data-id=\"794\">Kontaktformular<\/a>.<\/p>\n","protected":false},"excerpt":{"rendered":"<p>Wir richten am Samstag, den 30. August 2025, ab 14 Uhr zum vierten Mal ein Spa\u00dfturnier f\u00fcr Firmen, Vereine und Privatmannschaften aus. Wir freuen uns auch dieses Jahr als Schirmherr den B\u00fcrgermeister der Gemeinde Beckingen, Thomas Collmann, begr\u00fc\u00dfen zu d\u00fcrfen. Mindestens drei Spieler \/ Spielerinnen bilden eine Mannschaft. Bei dem Turnier soll der Spa\u00df im [&hellip;]<\/p>\n","protected":false},"author":1,"featured_media":0,"parent":0,"menu_order":0,"comment_status":"closed","ping_status":"closed","template":"","meta":{"footnotes":""},"_links":{"self":[{"href":"https:\/\/www.rote-l\u00f6wen.de\/wordpress\/wp-json\/wp\/v2\/pages\/943"}],"collection":[{"href":"https:\/\/www.rote-l\u00f6wen.de\/wordpress\/wp-json\/wp\/v2\/pages"}],"about":[{"href":"https:\/\/www.rote-l\u00f6wen.de\/wordpress\/wp-json\/wp\/v2\/types\/page"}],"author":[{"embeddable":true,"href":"https:\/\/www.rote-l\u00f6wen.de\/wordpress\/wp-json\/wp\/v2\/users\/1"}],"replies":[{"embeddable":true,"href":"https:\/\/www.rote-l\u00f6wen.de\/wordpress\/wp-json\/wp\/v2\/comments?post=943"}],"version-history":[{"count":46,"href":"https:\/\/www.rote-l\u00f6wen.de\/wordpress\/wp-json\/wp\/v2\/pages\/943\/revisions"}],"predecessor-version":[{"id":1401,"href":"https:\/\/www.rote-l\u00f6wen.de\/wordpress\/wp-json\/wp\/v2\/pages\/943\/revisions\/1401"}],"wp:attachment":[{"href":"https:\/\/www.rote-l\u00f6wen.de\/wordpress\/wp-json\/wp\/v2\/media?parent=943"}],"curies":[{"name":"wp","href":"https:\/\/api.w.org\/{rel}","templated":true}]}}